{"id":8209,"date":"2022-11-11T20:35:22","date_gmt":"2022-11-11T20:35:22","guid":{"rendered":"https:\/\/www.bachmann-bbb.ch\/?page_id=8209"},"modified":"2022-12-22T16:31:35","modified_gmt":"2022-12-22T16:31:35","slug":"impressum","status":"publish","type":"page","link":"https:\/\/www.bachmann-bbb.ch\/?page_id=8209","title":{"rendered":"Impressum"},"content":{"rendered":"\t\t<div data-elementor-type=\"wp-page\" data-elementor-id=\"8209\" class=\"elementor elementor-8209\" data-elementor-post-type=\"page\">\n\t\t\t\t\t\t<section class=\"elementor-section elementor-top-section elementor-element elementor-element-bcb3f99 elementor-section-boxed elementor-section-height-default elementor-section-height-default\" data-id=\"bcb3f99\" data-element_type=\"section\">\n\t\t\t\t\t\t<div class=\"elementor-container elementor-column-gap-default\">\n\t\t\t\t\t<div class=\"elementor-column elementor-col-33 elementor-top-column elementor-element elementor-element-9d9cf51\" data-id=\"9d9cf51\" data-element_type=\"column\">\n\t\t\t<div class=\"elementor-widget-wrap elementor-element-populated\">\n\t\t\t\t\t\t<div class=\"elementor-element elementor-element-3ed8f03 e-grid-align-right e-grid-align-mobile-center elementor-shape-rounded elementor-grid-0 elementor-widget elementor-widget-social-icons\" data-id=\"3ed8f03\" data-element_type=\"widget\" data-widget_type=\"social-icons.default\">\n\t\t\t\t<div class=\"elementor-widget-container\">\n\t\t\t\t\t<div class=\"elementor-social-icons-wrapper elementor-grid\">\n\t\t\t\t\t\t\t<span class=\"elementor-grid-item\">\n\t\t\t\t\t<a class=\"elementor-icon elementor-social-icon elementor-social-icon-phone-alt elementor-repeater-item-4383ae6\" href=\"tel:+41627212056\">\n\t\t\t\t\t\t<span class=\"elementor-screen-only\">Phone-alt<\/span>\n\t\t\t\t\t\t<i class=\"fas fa-phone-alt\"><\/i>\t\t\t\t\t<\/a>\n\t\t\t\t<\/span>\n\t\t\t\t\t\t\t<span class=\"elementor-grid-item\">\n\t\t\t\t\t<a class=\"elementor-icon elementor-social-icon elementor-social-icon-envelope elementor-repeater-item-ea1d669\" href=\"mailto:info@bachmann-bbb.ch\">\n\t\t\t\t\t\t<span class=\"elementor-screen-only\">Envelope<\/span>\n\t\t\t\t\t\t<i class=\"fas fa-envelope\"><\/i>\t\t\t\t\t<\/a>\n\t\t\t\t<\/span>\n\t\t\t\t\t\t\t<span class=\"elementor-grid-item\">\n\t\t\t\t\t<a class=\"elementor-icon elementor-social-icon elementor-social-icon-map-marker-alt elementor-repeater-item-f479277\" href=\"https:\/\/www.google.ch\/maps\/place\/Vorstattstrasse+41,+4814+Bottenwil\/@47.2802916,8.0021242,17z\/data=!4m5!3m4!1s0x4790245c66c7a84d:0xa3dc36205e9f9117!8m2!3d47.2804473!4d8.0028715\" target=\"_blank\">\n\t\t\t\t\t\t<span class=\"elementor-screen-only\">Map-marker-alt<\/span>\n\t\t\t\t\t\t<i class=\"fas fa-map-marker-alt\"><\/i>\t\t\t\t\t<\/a>\n\t\t\t\t<\/span>\n\t\t\t\t\t<\/div>\n\t\t\t\t<\/div>\n\t\t\t\t<\/div>\n\t\t\t\t\t<\/div>\n\t\t<\/div>\n\t\t\t\t<div class=\"elementor-column elementor-col-33 elementor-top-column elementor-element elementor-element-22fcf70\" data-id=\"22fcf70\" data-element_type=\"column\">\n\t\t\t<div class=\"elementor-widget-wrap elementor-element-populated\">\n\t\t\t\t\t\t<div class=\"elementor-element elementor-element-fc8591c elementor-widget elementor-widget-image\" data-id=\"fc8591c\" data-element_type=\"widget\" data-widget_type=\"image.default\">\n\t\t\t\t<div class=\"elementor-widget-container\">\n\t\t\t\t\t\t\t\t\t\t\t\t\t\t<a href=\"https:\/\/www.bachmann-bbb.ch\/\">\n\t\t\t\t\t\t\t<img fetchpriority=\"high\" decoding=\"async\" width=\"395\" height=\"156\" src=\"https:\/\/www.bachmann-bbb.ch\/wp-content\/uploads\/2022\/08\/cropped-Logo.png\" class=\"attachment-full size-full wp-image-7620\" alt=\"\" srcset=\"https:\/\/www.bachmann-bbb.ch\/wp-content\/uploads\/2022\/08\/cropped-Logo.png 395w, https:\/\/www.bachmann-bbb.ch\/wp-content\/uploads\/2022\/08\/cropped-Logo-300x118.png 300w\" sizes=\"(max-width: 395px) 100vw, 395px\" \/>\t\t\t\t\t\t\t\t<\/a>\n\t\t\t\t\t\t\t\t\t\t\t\t\t<\/div>\n\t\t\t\t<\/div>\n\t\t\t\t\t<\/div>\n\t\t<\/div>\n\t\t\t\t<div class=\"elementor-column elementor-col-33 elementor-top-column elementor-element elementor-element-a40630f\" data-id=\"a40630f\" data-element_type=\"column\">\n\t\t\t<div class=\"elementor-widget-wrap elementor-element-populated\">\n\t\t\t\t\t\t<div class=\"elementor-element elementor-element-bf3abdc elementor-widget elementor-widget-heading\" data-id=\"bf3abdc\" data-element_type=\"widget\" data-widget_type=\"heading.default\">\n\t\t\t\t<div class=\"elementor-widget-container\">\n\t\t\t<span class=\"elementor-heading-title elementor-size-default\"><a href=\"tel:+41627212056\">+41 62 721 20 56<\/a><\/span>\t\t<\/div>\n\t\t\t\t<\/div>\n\t\t\t\t<div class=\"elementor-element elementor-element-11253c1 elementor-widget elementor-widget-heading\" data-id=\"11253c1\" data-element_type=\"widget\" data-widget_type=\"heading.default\">\n\t\t\t\t<div class=\"elementor-widget-container\">\n\t\t\t<span class=\"elementor-heading-title elementor-size-default\"><a href=\"tel:+41796627145\">+41 79 662 71 45<\/a><\/span>\t\t<\/div>\n\t\t\t\t<\/div>\n\t\t\t\t<div class=\"elementor-element elementor-element-1d56496 elementor-widget elementor-widget-heading\" data-id=\"1d56496\" data-element_type=\"widget\" data-widget_type=\"heading.default\">\n\t\t\t\t<div class=\"elementor-widget-container\">\n\t\t\t<span class=\"elementor-heading-title elementor-size-default\"><a href=\"mailto:info@bachmann-bbb.ch\">info@bachmann-bbb.ch<\/a><\/span>\t\t<\/div>\n\t\t\t\t<\/div>\n\t\t\t\t\t<\/div>\n\t\t<\/div>\n\t\t\t\t\t<\/div>\n\t\t<\/section>\n\t\t\t\t<section class=\"elementor-section elementor-top-section elementor-element elementor-element-53e0889 elementor-section-boxed elementor-section-height-default elementor-section-height-default\" data-id=\"53e0889\" data-element_type=\"section\" data-settings=\"{&quot;background_background&quot;:&quot;classic&quot;}\">\n\t\t\t\t\t\t\t<div class=\"elementor-background-overlay\"><\/div>\n\t\t\t\t\t\t\t<div class=\"elementor-container elementor-column-gap-default\">\n\t\t\t\t\t<div class=\"elementor-column elementor-col-100 elementor-top-column elementor-element elementor-element-314c37b\" data-id=\"314c37b\" data-element_type=\"column\">\n\t\t\t<div class=\"elementor-widget-wrap elementor-element-populated\">\n\t\t\t\t\t\t<div class=\"elementor-element elementor-element-023aecc elementor-widget elementor-widget-spacer\" data-id=\"023aecc\" data-element_type=\"widget\" data-widget_type=\"spacer.default\">\n\t\t\t\t<div class=\"elementor-widget-container\">\n\t\t\t\t\t<div class=\"elementor-spacer\">\n\t\t\t<div class=\"elementor-spacer-inner\"><\/div>\n\t\t<\/div>\n\t\t\t\t<\/div>\n\t\t\t\t<\/div>\n\t\t\t\t\t<\/div>\n\t\t<\/div>\n\t\t\t\t\t<\/div>\n\t\t<\/section>\n\t\t\t\t<section class=\"elementor-section elementor-top-section elementor-element elementor-element-37a956a elementor-section-boxed elementor-section-height-default elementor-section-height-default\" data-id=\"37a956a\" data-element_type=\"section\">\n\t\t\t\t\t\t<div class=\"elementor-container elementor-column-gap-default\">\n\t\t\t\t\t<div class=\"elementor-column elementor-col-100 elementor-top-column elementor-element elementor-element-fcabf54\" data-id=\"fcabf54\" data-element_type=\"column\">\n\t\t\t<div class=\"elementor-widget-wrap elementor-element-populated\">\n\t\t\t\t\t\t<section class=\"elementor-section elementor-inner-section elementor-element elementor-element-d9922c2 elementor-section-full_width elementor-section-height-default elementor-section-height-default\" data-id=\"d9922c2\" data-element_type=\"section\" data-settings=\"{&quot;background_background&quot;:&quot;classic&quot;}\">\n\t\t\t\t\t\t<div class=\"elementor-container elementor-column-gap-default\">\n\t\t\t\t\t<div class=\"elementor-column elementor-col-20 elementor-inner-column elementor-element elementor-element-b705152\" data-id=\"b705152\" data-element_type=\"column\" data-settings=\"{&quot;background_background&quot;:&quot;classic&quot;}\">\n\t\t\t<div class=\"elementor-widget-wrap elementor-element-populated\">\n\t\t\t\t\t\t<div class=\"elementor-element elementor-element-a45a819 elementor-align-center elementor-widget elementor-widget-button\" data-id=\"a45a819\" data-element_type=\"widget\" data-widget_type=\"button.default\">\n\t\t\t\t<div class=\"elementor-widget-container\">\n\t\t\t\t\t<div class=\"elementor-button-wrapper\">\n\t\t\t<a class=\"elementor-button elementor-button-link elementor-size-sm\" href=\"https:\/\/www.bachmann-bbb.ch\/\">\n\t\t\t\t\t\t<span class=\"elementor-button-content-wrapper\">\n\t\t\t\t\t\t\t\t\t<span class=\"elementor-button-text\">Baugesch\u00e4ft<\/span>\n\t\t\t\t\t<\/span>\n\t\t\t\t\t<\/a>\n\t\t<\/div>\n\t\t\t\t<\/div>\n\t\t\t\t<\/div>\n\t\t\t\t\t<\/div>\n\t\t<\/div>\n\t\t\t\t<div class=\"elementor-column elementor-col-20 elementor-inner-column elementor-element elementor-element-fc2f51d\" data-id=\"fc2f51d\" data-element_type=\"column\" data-settings=\"{&quot;background_background&quot;:&quot;classic&quot;}\">\n\t\t\t<div class=\"elementor-widget-wrap elementor-element-populated\">\n\t\t\t\t\t\t<div class=\"elementor-element elementor-element-3e9dc6c elementor-align-center elementor-widget elementor-widget-button\" data-id=\"3e9dc6c\" data-element_type=\"widget\" data-widget_type=\"button.default\">\n\t\t\t\t<div class=\"elementor-widget-container\">\n\t\t\t\t\t<div class=\"elementor-button-wrapper\">\n\t\t\t<a class=\"elementor-button elementor-button-link elementor-size-sm\" href=\"https:\/\/www.bachmann-bbb.ch\/?page_id=8093\">\n\t\t\t\t\t\t<span class=\"elementor-button-content-wrapper\">\n\t\t\t\t\t\t\t\t\t<span class=\"elementor-button-text\">Schreinerei<\/span>\n\t\t\t\t\t<\/span>\n\t\t\t\t\t<\/a>\n\t\t<\/div>\n\t\t\t\t<\/div>\n\t\t\t\t<\/div>\n\t\t\t\t\t<\/div>\n\t\t<\/div>\n\t\t\t\t<div class=\"elementor-column elementor-col-20 elementor-inner-column elementor-element elementor-element-046ce98\" data-id=\"046ce98\" data-element_type=\"column\" data-settings=\"{&quot;background_background&quot;:&quot;classic&quot;}\">\n\t\t\t<div class=\"elementor-widget-wrap elementor-element-populated\">\n\t\t\t\t\t\t<div class=\"elementor-element elementor-element-2697043 elementor-align-center elementor-widget elementor-widget-button\" data-id=\"2697043\" data-element_type=\"widget\" data-widget_type=\"button.default\">\n\t\t\t\t<div class=\"elementor-widget-container\">\n\t\t\t\t\t<div class=\"elementor-button-wrapper\">\n\t\t\t<a class=\"elementor-button elementor-button-link elementor-size-sm\" href=\"https:\/\/www.bachmann-bbb.ch\/?page_id=8202\">\n\t\t\t\t\t\t<span class=\"elementor-button-content-wrapper\">\n\t\t\t\t\t\t\t\t\t<span class=\"elementor-button-text\">\u00dcber uns<\/span>\n\t\t\t\t\t<\/span>\n\t\t\t\t\t<\/a>\n\t\t<\/div>\n\t\t\t\t<\/div>\n\t\t\t\t<\/div>\n\t\t\t\t\t<\/div>\n\t\t<\/div>\n\t\t\t\t<div class=\"elementor-column elementor-col-20 elementor-inner-column elementor-element elementor-element-55b34c0\" data-id=\"55b34c0\" data-element_type=\"column\" data-settings=\"{&quot;background_background&quot;:&quot;classic&quot;}\">\n\t\t\t<div class=\"elementor-widget-wrap elementor-element-populated\">\n\t\t\t\t\t\t<div class=\"elementor-element elementor-element-5cd3684 elementor-align-center elementor-widget elementor-widget-button\" data-id=\"5cd3684\" data-element_type=\"widget\" data-widget_type=\"button.default\">\n\t\t\t\t<div class=\"elementor-widget-container\">\n\t\t\t\t\t<div class=\"elementor-button-wrapper\">\n\t\t\t<a class=\"elementor-button elementor-button-link elementor-size-sm\" href=\"https:\/\/www.bachmann-bbb.ch\/?page_id=8509\">\n\t\t\t\t\t\t<span class=\"elementor-button-content-wrapper\">\n\t\t\t\t\t\t\t\t\t<span class=\"elementor-button-text\">Aktuell<\/span>\n\t\t\t\t\t<\/span>\n\t\t\t\t\t<\/a>\n\t\t<\/div>\n\t\t\t\t<\/div>\n\t\t\t\t<\/div>\n\t\t\t\t\t<\/div>\n\t\t<\/div>\n\t\t\t\t<div class=\"elementor-column elementor-col-20 elementor-inner-column elementor-element elementor-element-c02545c\" data-id=\"c02545c\" data-element_type=\"column\" data-settings=\"{&quot;background_background&quot;:&quot;classic&quot;}\">\n\t\t\t<div class=\"elementor-widget-wrap elementor-element-populated\">\n\t\t\t\t\t\t<div class=\"elementor-element elementor-element-fe23b03 elementor-align-center elementor-widget elementor-widget-button\" data-id=\"fe23b03\" data-element_type=\"widget\" data-widget_type=\"button.default\">\n\t\t\t\t<div class=\"elementor-widget-container\">\n\t\t\t\t\t<div class=\"elementor-button-wrapper\">\n\t\t\t<a class=\"elementor-button elementor-button-link elementor-size-sm\" href=\"https:\/\/www.bachmann-bbb.ch\/?page_id=8204\">\n\t\t\t\t\t\t<span class=\"elementor-button-content-wrapper\">\n\t\t\t\t\t\t\t\t\t<span class=\"elementor-button-text\">Kontakt<\/span>\n\t\t\t\t\t<\/span>\n\t\t\t\t\t<\/a>\n\t\t<\/div>\n\t\t\t\t<\/div>\n\t\t\t\t<\/div>\n\t\t\t\t\t<\/div>\n\t\t<\/div>\n\t\t\t\t\t<\/div>\n\t\t<\/section>\n\t\t\t\t\t<\/div>\n\t\t<\/div>\n\t\t\t\t\t<\/div>\n\t\t<\/section>\n\t\t\t\t<section class=\"elementor-section elementor-top-section elementor-element elementor-element-85b0957 elementor-section-boxed elementor-section-height-default elementor-section-height-default\" data-id=\"85b0957\" data-element_type=\"section\">\n\t\t\t\t\t\t<div class=\"elementor-container elementor-column-gap-default\">\n\t\t\t\t\t<div class=\"elementor-column elementor-col-100 elementor-top-column elementor-element elementor-element-23659cb\" data-id=\"23659cb\" data-element_type=\"column\">\n\t\t\t<div class=\"elementor-widget-wrap elementor-element-populated\">\n\t\t\t\t\t\t<div class=\"elementor-element elementor-element-4ef84e9 elementor-widget elementor-widget-text-editor\" data-id=\"4ef84e9\" data-element_type=\"widget\" data-widget_type=\"text-editor.default\">\n\t\t\t\t<div class=\"elementor-widget-container\">\n\t\t\t\t\t\t\t<h5 data-sanitized-data-mce-fragment=\"1\"><strong data-sanitized-data-mce-fragment=\"1\">Verantwortlich f\u00fcr den Inhalt der Seiten<\/strong><\/h5><p data-sanitized-data-mce-fragment=\"1\"><span data-sanitized-data-mce-fragment=\"1\">Bachmann Bauunternehmung AG<br \/>Michel Bachmann<br data-sanitized-data-mce-fragment=\"1\" \/><\/span><span data-sanitized-data-mce-fragment=\"1\">Vorstattstrasse 41<br data-sanitized-data-mce-fragment=\"1\" \/>4814 Bottenwil<br data-sanitized-data-mce-fragment=\"1\" \/><\/span><\/p><p data-sanitized-data-mce-fragment=\"1\"><a href=\"mailto:info@bachmann-bbb.ch\">info@bachmann-bbb.ch<\/a><\/p><p data-sanitized-data-mce-fragment=\"1\"><span data-sanitized-data-mce-fragment=\"1\">+41 62 721 20 56<\/span><\/p><h5 data-sanitized-data-mce-fragment=\"1\"><strong data-sanitized-data-mce-fragment=\"1\">Webdesign<\/strong><\/h5><p data-sanitized-data-mce-fragment=\"1\">WAJO Group GmbH<\/p><p data-sanitized-data-mce-fragment=\"1\"><a title=\"www.wajo-group.ch\" href=\"https:\/\/www.wajo-group.ch\" target=\"_blank\" rel=\"noopener\" data-sanitized-data-mce-fragment=\"1\" data-sanitized-data-mce-href=\"https:\/\/www.wajo-group.ch\" data-sanitized-target=\"_blank\">www.wajo-group.ch<\/a><\/p><p data-sanitized-data-mce-fragment=\"1\"><a title=\"info@wajo-group.ch\" href=\"mailto:info@wajo-group.ch\" data-sanitized-data-mce-fragment=\"1\" data-sanitized-data-mce-href=\"mailto:info@wajo-group.ch\">info@wajo-group.ch<\/a><\/p>\t\t\t\t\t\t<\/div>\n\t\t\t\t<\/div>\n\t\t\t\t\t<\/div>\n\t\t<\/div>\n\t\t\t\t\t<\/div>\n\t\t<\/section>\n\t\t\t\t<section class=\"elementor-section elementor-top-section elementor-element elementor-element-dabf3b4 elementor-section-boxed elementor-section-height-default elementor-section-height-default\" data-id=\"dabf3b4\" data-element_type=\"section\" data-settings=\"{&quot;background_background&quot;:&quot;classic&quot;}\">\n\t\t\t\t\t\t<div class=\"elementor-container elementor-column-gap-default\">\n\t\t\t\t\t<div class=\"elementor-column elementor-col-50 elementor-top-column elementor-element elementor-element-68e4f6e\" data-id=\"68e4f6e\" data-element_type=\"column\">\n\t\t\t<div class=\"elementor-widget-wrap elementor-element-populated\">\n\t\t\t\t\t\t<div class=\"elementor-element elementor-element-04ea316 elementor-widget elementor-widget-image\" data-id=\"04ea316\" data-element_type=\"widget\" data-widget_type=\"image.default\">\n\t\t\t\t<div class=\"elementor-widget-container\">\n\t\t\t\t\t\t\t\t\t\t\t\t\t<img decoding=\"async\" width=\"150\" height=\"150\" src=\"https:\/\/www.bachmann-bbb.ch\/wp-content\/uploads\/2022\/09\/BBB-150x150.png\" class=\"attachment-thumbnail size-thumbnail wp-image-7888\" alt=\"\" \/>\t\t\t\t\t\t\t\t\t\t\t\t\t<\/div>\n\t\t\t\t<\/div>\n\t\t\t\t\t<\/div>\n\t\t<\/div>\n\t\t\t\t<div class=\"elementor-column elementor-col-50 elementor-top-column elementor-element elementor-element-61eaa41\" data-id=\"61eaa41\" data-element_type=\"column\" data-settings=\"{&quot;background_background&quot;:&quot;classic&quot;}\">\n\t\t\t<div class=\"elementor-widget-wrap elementor-element-populated\">\n\t\t\t\t\t\t<div class=\"elementor-element elementor-element-307d38a elementor-widget elementor-widget-heading\" data-id=\"307d38a\" data-element_type=\"widget\" data-widget_type=\"heading.default\">\n\t\t\t\t<div class=\"elementor-widget-container\">\n\t\t\t<span class=\"elementor-heading-title elementor-size-default\"><a href=\"tel:+41627212056\">+41 62 721 20 56<\/a><\/span>\t\t<\/div>\n\t\t\t\t<\/div>\n\t\t\t\t<div class=\"elementor-element elementor-element-56b2440 elementor-widget elementor-widget-heading\" data-id=\"56b2440\" data-element_type=\"widget\" data-widget_type=\"heading.default\">\n\t\t\t\t<div class=\"elementor-widget-container\">\n\t\t\t<span class=\"elementor-heading-title elementor-size-default\"><a href=\"mailto:info@bachmann-bbb.ch\">info@bachmann-bbb.ch<\/a><\/span>\t\t<\/div>\n\t\t\t\t<\/div>\n\t\t\t\t<div class=\"elementor-element elementor-element-8460ddc elementor-widget elementor-widget-heading\" data-id=\"8460ddc\" data-element_type=\"widget\" data-widget_type=\"heading.default\">\n\t\t\t\t<div class=\"elementor-widget-container\">\n\t\t\t<span class=\"elementor-heading-title elementor-size-default\">Bachmann Bauunternehmung AG<br>\nVorstattstrasse 41<br>\n4814 Bottenwil<\/span>\t\t<\/div>\n\t\t\t\t<\/div>\n\t\t\t\t<div class=\"elementor-element elementor-element-1407e98 elementor-widget elementor-widget-heading\" data-id=\"1407e98\" data-element_type=\"widget\" data-widget_type=\"heading.default\">\n\t\t\t\t<div class=\"elementor-widget-container\">\n\t\t\t<span class=\"elementor-heading-title elementor-size-small\">\u00a9 Bachmann Bauunternehmung AG | <a href=\"https:\/\/www.bachmann-bbb.ch\/?page_id=8209\">Impressum<\/a> | webdesign by <a href=\"https:\/\/www.wajo-group.ch\" target=\"_blank\">wajo.ch<\/a><\/span>\t\t<\/div>\n\t\t\t\t<\/div>\n\t\t\t\t\t<\/div>\n\t\t<\/div>\n\t\t\t\t\t<\/div>\n\t\t<\/section>\n\t\t\t\t<\/div>\n\t\t","protected":false},"excerpt":{"rendered":"<p>Phone-alt Envelope Map-marker-alt +41 62 721 20 56 +41 79 662 71 45 info@bachmann-bbb.ch Baugesch\u00e4ft Schreinerei \u00dcber uns Aktuell Kontakt Verantwortlich f\u00fcr den Inhalt der Seiten Bachmann Bauunternehmung AGMichel BachmannVorstattstrasse 414814 Bottenwil info@bachmann-bbb.ch +41 62 721 20 56 Webdesign WAJO Group GmbH www.wajo-group.ch info@wajo-group.ch +41 62 721 20 56 info@bachmann-bbb.ch Bachmann Bauunternehmung AG Vorstattstrasse 41 [&hellip;]<\/p>\n","protected":false},"author":1,"featured_media":0,"parent":0,"menu_order":0,"comment_status":"closed","ping_status":"closed","template":"elementor_canvas","meta":{"footnotes":""},"class_list":["post-8209","page","type-page","status-publish","hentry"],"_links":{"self":[{"href":"https:\/\/www.bachmann-bbb.ch\/index.php?rest_route=\/wp\/v2\/pages\/8209"}],"collection":[{"href":"https:\/\/www.bachmann-bbb.ch\/index.php?rest_route=\/wp\/v2\/pages"}],"about":[{"href":"https:\/\/www.bachmann-bbb.ch\/index.php?rest_route=\/wp\/v2\/types\/page"}],"author":[{"embeddable":true,"href":"https:\/\/www.bachmann-bbb.ch\/index.php?rest_route=\/wp\/v2\/users\/1"}],"replies":[{"embeddable":true,"href":"https:\/\/www.bachmann-bbb.ch\/index.php?rest_route=%2Fwp%2Fv2%2Fcomments&post=8209"}],"version-history":[{"count":19,"href":"https:\/\/www.bachmann-bbb.ch\/index.php?rest_route=\/wp\/v2\/pages\/8209\/revisions"}],"predecessor-version":[{"id":8540,"href":"https:\/\/www.bachmann-bbb.ch\/index.php?rest_route=\/wp\/v2\/pages\/8209\/revisions\/8540"}],"wp:attachment":[{"href":"https:\/\/www.bachmann-bbb.ch\/index.php?rest_route=%2Fwp%2Fv2%2Fmedia&parent=8209"}],"curies":[{"name":"wp","href":"https:\/\/api.w.org\/{rel}","templated":true}]}}